{"id":851,"date":"2020-11-30T12:48:20","date_gmt":"2020-11-30T12:48:20","guid":{"rendered":"\/docs-mcloud\/hilfe\/zielgruppendefinition\/die-zielgruppenbox\/"},"modified":"2023-08-31T10:00:30","modified_gmt":"2023-08-31T10:00:30","slug":"die-zielgruppenbox","status":"publish","type":"page","link":"\/docs-mcloud\/hilfe\/zielgruppe\/die-zielgruppenbox\/","title":{"rendered":"Die Zielgruppenbox"},"content":{"rendered":"\n<figure class=\"wp-block-image size-large\"><a href=\"\/docs-mcloud\/wp-content\/uploads\/sites\/4\/2020\/11\/ZGBox1.png\"><img loading=\"lazy\" decoding=\"async\" width=\"502\" height=\"82\" src=\"\/docs-mcloud\/wp-content\/uploads\/sites\/4\/2020\/11\/ZGBox1.png\" alt=\"\" class=\"wp-image-856\" srcset=\"\/docs-mcloud\/wp-content\/uploads\/sites\/4\/2020\/11\/ZGBox1.png 502w, \/docs-mcloud\/wp-content\/uploads\/sites\/4\/2020\/11\/ZGBox1-300x49.png 300w\" sizes=\"auto, (max-width: 502px) 100vw, 502px\" \/><\/a><\/figure>\n\n\n\n<p>Durch ziehen einer einzelnen Zielgruppe auf den Arbeitsbereich, wird der Text des ausgew\u00e4hlten Codepunktes in die Titelzeile \u00fcbernommen. Zus\u00e4tzlich wird das Potenzial dieser Zielgruppe ausgewiesen. Die Darstellung der Zielgruppeninformation wird im Men\u00fcpunkt <a href=\".\/zielgruppendefinition\/layout-der-zielgruppe\/\">Layout<\/a> festgelegt.<\/p>\n\n\n\n<p>Texte, die nicht vollst\u00e4ndig in die Textzeile der Zielgruppenbox passen, werden per Mouseover auf die Textzeile eingeblendet und in der Excel-Ausgabe vollst\u00e4ndig dargestellt.<\/p>\n\n\n\n<p>\u00dcber das Icon <img decoding=\"async\" class=\"wp-image-877\" style=\"width: 20px\" src=\"\/docs-mcloud\/wp-content\/uploads\/sites\/4\/2020\/11\/switch_up_down.svg\" alt=\"Mio.\/Tsd.\"> kann zwischen der Ansicht <em>Hochrechnung in Tsd.<\/em> und der Darstellung <em>Hochrechnung in Mio.<\/em> umgeschaltet werden.<\/p>\n\n\n\n<p>Sobald zwei oder mehr Zielgruppen verkn\u00fcpft werden, sind die Verkn\u00fcpfungs-Operatoren direkt in der horizontalen Liste w\u00e4hlbar. Der verwendete Operator ist farblich hervorgehoben.<\/p>\n\n\n\n<figure class=\"wp-block-image size-large\"><a href=\"\/docs-mcloud\/wp-content\/uploads\/sites\/4\/2020\/11\/ZGBox2.png\"><img loading=\"lazy\" decoding=\"async\" width=\"580\" height=\"151\" src=\"\/docs-mcloud\/wp-content\/uploads\/sites\/4\/2020\/11\/ZGBox2.png\" alt=\"\" class=\"wp-image-860\" srcset=\"\/docs-mcloud\/wp-content\/uploads\/sites\/4\/2020\/11\/ZGBox2.png 580w, \/docs-mcloud\/wp-content\/uploads\/sites\/4\/2020\/11\/ZGBox2-300x78.png 300w\" sizes=\"auto, (max-width: 580px) 100vw, 580px\" \/><\/a><\/figure>\n\n\n\n<p>Alle Bearbeitungsoptionen wie <em>Speichern <\/em>und <em>L\u00f6schen <\/em>einer Zielgruppe sind \u00fcber das Men\u00fc der rechten Maustaste auf der Titelzeile w\u00e4hlbar.<\/p>\n\n\n\n<figure class=\"wp-block-image size-large\"><a href=\"\/docs-mcloud\/wp-content\/uploads\/sites\/4\/2020\/11\/ZGBox3.png\"><img loading=\"lazy\" decoding=\"async\" width=\"521\" height=\"162\" src=\"\/docs-mcloud\/wp-content\/uploads\/sites\/4\/2020\/11\/ZGBox3.png\" alt=\"\" class=\"wp-image-900\" srcset=\"\/docs-mcloud\/wp-content\/uploads\/sites\/4\/2020\/11\/ZGBox3.png 521w, \/docs-mcloud\/wp-content\/uploads\/sites\/4\/2020\/11\/ZGBox3-300x93.png 300w\" sizes=\"auto, (max-width: 521px) 100vw, 521px\" \/><\/a><\/figure>\n","protected":false},"excerpt":{"rendered":"<p>Durch ziehen einer einzelnen Zielgruppe auf den Arbeitsbereich, wird der Text des ausgew\u00e4hlten Codepunktes in die Titelzeile \u00fcbernommen. Zus\u00e4tzlich wird das Potenzial dieser Zielgruppe ausgewiesen. Die Darstellung der Zielgruppeninformation wird im Men\u00fcpunkt Layout festgelegt. Texte, die nicht vollst\u00e4ndig in die Textzeile der Zielgruppenbox passen, werden per Mouseover auf die Textzeile eingeblendet und in der Excel-Ausgabe [&hellip;]<\/p>\n","protected":false},"author":4,"featured_media":0,"parent":662,"menu_order":0,"comment_status":"closed","ping_status":"closed","template":"","meta":{"_acf_changed":false,"inline_featured_image":false,"footnotes":""},"class_list":["post-851","page","type-page","status-publish","hentry"],"acf":[],"_links":{"self":[{"href":"\/docs-mcloud\/wp-json\/wp\/v2\/pages\/851","targetHints":{"allow":["GET"]}}],"collection":[{"href":"\/docs-mcloud\/wp-json\/wp\/v2\/pages"}],"about":[{"href":"\/docs-mcloud\/wp-json\/wp\/v2\/types\/page"}],"author":[{"embeddable":true,"href":"\/docs-mcloud\/wp-json\/wp\/v2\/users\/4"}],"replies":[{"embeddable":true,"href":"\/docs-mcloud\/wp-json\/wp\/v2\/comments?post=851"}],"version-history":[{"count":6,"href":"\/docs-mcloud\/wp-json\/wp\/v2\/pages\/851\/revisions"}],"predecessor-version":[{"id":2080,"href":"\/docs-mcloud\/wp-json\/wp\/v2\/pages\/851\/revisions\/2080"}],"up":[{"embeddable":true,"href":"\/docs-mcloud\/wp-json\/wp\/v2\/pages\/662"}],"wp:attachment":[{"href":"\/docs-mcloud\/wp-json\/wp\/v2\/media?parent=851"}],"curies":[{"name":"wp","href":"https:\/\/api.w.org\/{rel}","templated":true}]}}