{"id":738,"date":"2020-11-30T08:17:14","date_gmt":"2020-11-30T08:17:14","guid":{"rendered":"\/docs-mcloud\/hilfe\/allgemeine-einstellungen\/mehrsprachigkeit\/"},"modified":"2026-01-13T13:05:00","modified_gmt":"2026-01-13T13:05:00","slug":"mehrsprachigkeit","status":"publish","type":"page","link":"\/docs-mcloud\/hilfe\/programmoberflaeche\/mehrsprachigkeit\/","title":{"rendered":"Mehrsprachigkeit"},"content":{"rendered":"\n<p>Beim Login k\u00f6nnen Sie zwischen der deutschen, englischen oder franz\u00f6sischen Version von MDS-Cloud w\u00e4hlen. Die Texte der Programmoberfl\u00e4che werden in der gew\u00e4hlten Sprache angezeigt.<\/p>\n\n\n\n<figure class=\"wp-block-image size-large is-resized\"><a href=\"\/docs-mcloud\/wp-content\/uploads\/sites\/4\/2020\/11\/Login.png\"><img loading=\"lazy\" decoding=\"async\" width=\"521\" height=\"433\" src=\"\/docs-mcloud\/wp-content\/uploads\/sites\/4\/2020\/11\/Login.png\" alt=\"\" class=\"wp-image-741\" style=\"width:390px;height:323px\" srcset=\"\/docs-mcloud\/wp-content\/uploads\/sites\/4\/2020\/11\/Login.png 521w, \/docs-mcloud\/wp-content\/uploads\/sites\/4\/2020\/11\/Login-300x249.png 300w\" sizes=\"auto, (max-width: 521px) 100vw, 521px\" \/><\/a><\/figure>\n\n\n\n<p>Wenn die geladene Studie zweisprachig vorliegt, k\u00f6nnen Sie die Sprache von Studientexten und Leistungswerten w\u00e4hrend der Erstellung der Auswertung wechseln. Bereiten Sie z.B. Ihre Auswertung in deutscher Sprache vor und schalten erst vor dem Excel-Export auf Englisch um. Die Sprache der Programmoberfl\u00e4che bleibt unver\u00e4ndert.<\/p>\n\n\n\n<figure class=\"wp-block-image size-large\"><a href=\"\/docs-mcloud\/wp-content\/uploads\/sites\/4\/2020\/11\/studie-sprache.png\"><img loading=\"lazy\" decoding=\"async\" width=\"350\" height=\"105\" src=\"\/docs-mcloud\/wp-content\/uploads\/sites\/4\/2020\/11\/studie-sprache.png\" alt=\"\" class=\"wp-image-742\" srcset=\"\/docs-mcloud\/wp-content\/uploads\/sites\/4\/2020\/11\/studie-sprache.png 350w, \/docs-mcloud\/wp-content\/uploads\/sites\/4\/2020\/11\/studie-sprache-300x90.png 300w\" sizes=\"auto, (max-width: 350px) 100vw, 350px\" \/><\/a><\/figure>\n","protected":false},"excerpt":{"rendered":"<p>Beim Login k\u00f6nnen Sie zwischen der deutschen, englischen oder franz\u00f6sischen Version von MDS-Cloud w\u00e4hlen. Die Texte der Programmoberfl\u00e4che werden in der gew\u00e4hlten Sprache angezeigt. Wenn die geladene Studie zweisprachig vorliegt, k\u00f6nnen Sie die Sprache von Studientexten und Leistungswerten w\u00e4hrend der Erstellung der Auswertung wechseln. Bereiten Sie z.B. Ihre Auswertung in deutscher Sprache vor und schalten [&hellip;]<\/p>\n","protected":false},"author":1,"featured_media":0,"parent":13,"menu_order":13,"comment_status":"closed","ping_status":"closed","template":"","meta":{"_acf_changed":false,"inline_featured_image":false,"footnotes":""},"class_list":["post-738","page","type-page","status-publish","hentry"],"acf":[],"_links":{"self":[{"href":"\/docs-mcloud\/wp-json\/wp\/v2\/pages\/738","targetHints":{"allow":["GET"]}}],"collection":[{"href":"\/docs-mcloud\/wp-json\/wp\/v2\/pages"}],"about":[{"href":"\/docs-mcloud\/wp-json\/wp\/v2\/types\/page"}],"author":[{"embeddable":true,"href":"\/docs-mcloud\/wp-json\/wp\/v2\/users\/1"}],"replies":[{"embeddable":true,"href":"\/docs-mcloud\/wp-json\/wp\/v2\/comments?post=738"}],"version-history":[{"count":5,"href":"\/docs-mcloud\/wp-json\/wp\/v2\/pages\/738\/revisions"}],"predecessor-version":[{"id":2835,"href":"\/docs-mcloud\/wp-json\/wp\/v2\/pages\/738\/revisions\/2835"}],"up":[{"embeddable":true,"href":"\/docs-mcloud\/wp-json\/wp\/v2\/pages\/13"}],"wp:attachment":[{"href":"\/docs-mcloud\/wp-json\/wp\/v2\/media?parent=738"}],"curies":[{"name":"wp","href":"https:\/\/api.w.org\/{rel}","templated":true}]}}