{"id":5,"date":"2020-09-23T08:03:11","date_gmt":"2020-09-23T08:03:49","guid":{"rendered":"\/docs-mcloud\/?page_id=5"},"modified":"2026-01-13T12:57:19","modified_gmt":"2026-01-13T12:57:19","slug":"hilfe","status":"publish","type":"page","link":"\/docs-mcloud\/","title":{"rendered":"Willkommen bei MDS-Cloud!"},"content":{"rendered":"\n<p>Diese Online Hilfe soll Ihnen einen schnellen Einstieg in MDS-Cloud erm\u00f6glichen. Bei Fragen oder Anregungen k\u00f6nnen Sie uns auch gerne pers\u00f6nlich kontaktieren &#8211; unsere Kontaktdaten finden Sie auf der Seite <a href=\"\/docs-mcloud\/support\/\" data-type=\"page\" data-id=\"29\">Support<\/a>.<\/p>\n\n\n\n<h2 class=\"wp-block-heading\">Die Programmoberfl\u00e4che auf einen Blick<\/h2>\n\n\n\n<div class=\"wp-block-group has-background\" style=\"background-color:#f0eeed\"><div class=\"wp-block-group__inner-container is-layout-constrained wp-block-group-is-layout-constrained\">\n<figure class=\"wp-block-image size-large\"><a href=\"\/docs-mcloud\/wp-content\/uploads\/sites\/4\/2020\/12\/m-cloud-ui1.png\"><img loading=\"lazy\" decoding=\"async\" width=\"1024\" height=\"196\" src=\"\/docs-mcloud\/wp-content\/uploads\/sites\/4\/2020\/12\/m-cloud-ui1-1024x196.png\" alt=\"\" class=\"wp-image-1076\" srcset=\"\/docs-mcloud\/wp-content\/uploads\/sites\/4\/2020\/12\/m-cloud-ui1-1024x196.png 1024w, \/docs-mcloud\/wp-content\/uploads\/sites\/4\/2020\/12\/m-cloud-ui1-300x58.png 300w, \/docs-mcloud\/wp-content\/uploads\/sites\/4\/2020\/12\/m-cloud-ui1-768x147.png 768w, \/docs-mcloud\/wp-content\/uploads\/sites\/4\/2020\/12\/m-cloud-ui1.png 1402w\" sizes=\"auto, (max-width: 1024px) 100vw, 1024px\" \/><\/a><\/figure>\n\n\n\n<figure class=\"wp-block-table is-style-regular\"><table><tbody><tr><td><strong>1<\/strong><\/td><td><strong>Reiter<\/strong><br>Je nach Studie stehen Ihnen unterschiedliche Module zur Verf\u00fcgung, die \u00fcber den jeweiligen Reiter aufgerufen werden k\u00f6nnen.<br><br>Die Funktionen des Moduls werden ausf\u00fchrlich im jeweiligen Abschnitt erkl\u00e4rt.<br><br>Siehe <a href=\"\/docs-mcloud\/hilfe\/zielgruppe\/\" data-type=\"page\" data-id=\"662\">Zielgruppe<\/a>, <a href=\"\/docs-mcloud\/hilfe\/rangreihe\/\" data-type=\"page\" data-id=\"659\">Rangreihe<\/a>, <a href=\"\/docs-mcloud\/hilfe\/streuplan\/\" data-type=\"page\" data-id=\"660\">Streuplan<\/a>, <a href=\"\/docs-mcloud\/hilfe\/tabellierung\/\" data-type=\"page\">Tabellierung<\/a>, <a href=\"\/docs-mcloud\/hilfe\/targeting\/\" data-type=\"page\" data-id=\"657\">Targeting<\/a>, <a href=\"\/docs-mcloud\/hilfe\/regio\/\" data-type=\"page\" data-id=\"663\">Regio<\/a>.<\/td><\/tr><tr><td><strong>2<\/strong><\/td><td><strong>\u00dcbergeordnete Funktionen<\/strong><br>Hier finden Sie Funktionen, die das gesamte Programm betreffen. Siehe <a href=\"\/docs-mcloud\/hilfe\/allgemeine-einstellungen\/\" data-type=\"page\" data-id=\"11\">Allgemeine Einstellungen<\/a>.<\/td><\/tr><tr><td><strong>3<\/strong><\/td><td><strong>Men\u00fc<\/strong><br>Je nach Modul stehen Ihnen im Men\u00fc verschiedene \u00fcbergeordnete Optionen zur Verf\u00fcgung. Beispielsweise k\u00f6nnen Sie hier den Arbeitsbereich eines Moduls speichern oder exportieren.<\/td><\/tr><tr><td><strong>4<\/strong><\/td><td><strong>Infobar<\/strong><br>\u00dcber die Infobar steuern Sie den Inhalt Ihres Arbeitsbereichs. Auch hier stehen Ihnen je nach gew\u00e4hltem Modul unterschiedliche Optionen zur Verf\u00fcgung.<\/td><\/tr><tr><td><strong>5<\/strong><\/td><td><strong>Zielgruppenpanel<\/strong><br>Eintr\u00e4ge aus dem Datenpanel k\u00f6nnen per Drag &amp; Drop auf das Zielgruppenpanel gezogen werden, um die Zielgruppe festzulegen. Siehe <a href=\"\/docs-mcloud\/hilfe\/zielgruppe\/\" data-type=\"page\" data-id=\"662\">Zielgruppe<\/a>.<br><br>Auf der rechten Seiten wird die Anzahl der F\u00e4lle angezeigt. \u00dcber das  <img decoding=\"async\" class=\"wp-image-1071\" style=\"width: 20px\" src=\"\/docs-mcloud\/wp-content\/uploads\/sites\/4\/2020\/12\/switch_up_down.svg\" alt=\"\">Icon kann zwischen Tsd. und Mio. gewechselt werden. Zur\u00fccksetzen auf Gesamt \u00fcber <img decoding=\"async\" class=\"wp-image-1000\" style=\"width: 20px\" src=\"\/docs-mcloud\/wp-content\/uploads\/sites\/4\/2020\/11\/close.svg\" alt=\"\">.<\/td><\/tr><tr><td><strong>6<\/strong><\/td><td><strong>Datenpanel<\/strong><br>Hier finden Sie <a href=\"\/docs-mcloud\/hilfe\/das-arbeitsblatt\/codeplan\/\" data-type=\"page\" data-id=\"25\">Codeplan<\/a>, <a href=\"\/docs-mcloud\/hilfe\/das-arbeitsblatt\/medien\/\" data-type=\"page\" data-id=\"617\">Medien <\/a>und <a href=\"\/docs-mcloud\/hilfe\/das-arbeitsblatt\/leistungswerte\/\" data-type=\"page\" data-id=\"730\">Leistungswerte<\/a> der Studie, \u00fcbersichtlich gruppiert.<br><br>Eintr\u00e4ge aus dem Datenpanel k\u00f6nnen per Drag &amp; Drop in den Arbeitsbereich und das Zielgruppenpanel gezogen werden.<br><br>Mit Hilfe des <a href=\"\/docs-mcloud\/hilfe\/das-arbeitsblatt\/finder\/\" data-type=\"page\" data-id=\"23\">Finders<\/a> lassen sich Eintr\u00e4ge aus Codeplan und Medien anhand eines Suchbegriffs einfach auffinden.<\/td><\/tr><tr><td><strong>7<\/strong><\/td><td><strong>Arbeitsbereich<\/strong><br>Im Arbeitsbereich erstellen Sie Ihre Auswertungen.<br><br>Eintr\u00e4ge aus dem Datenpanel k\u00f6nnen per Drag &amp; Drop in den Arbeitsbereich gezogen werden.<\/td><\/tr><tr><td><strong>8<\/strong><\/td><td><strong>Studienwechsel \/ Sprachwechsel<\/strong><br>Erm\u00f6glicht einen schnellen Wechsel zwischen verschiedenen Versionen der Studie. <br>Bei Studien, die in mehreren Sprachen vorliegen, wird ein Button zum Wechseln der Sprache angezeigt.<\/td><\/tr><\/tbody><\/table><\/figure>\n<\/div><\/div>\n","protected":false},"excerpt":{"rendered":"<p>Diese Online Hilfe soll Ihnen einen schnellen Einstieg in MDS-Cloud erm\u00f6glichen. Bei Fragen oder Anregungen k\u00f6nnen Sie uns auch gerne pers\u00f6nlich kontaktieren &#8211; unsere Kontaktdaten finden Sie auf der Seite Support. Die Programmoberfl\u00e4che auf einen Blick 1 ReiterJe nach Studie stehen Ihnen unterschiedliche Module zur Verf\u00fcgung, die \u00fcber den jeweiligen Reiter aufgerufen werden k\u00f6nnen. Die [&hellip;]<\/p>\n","protected":false},"author":1,"featured_media":0,"parent":0,"menu_order":0,"comment_status":"closed","ping_status":"closed","template":"","meta":{"_acf_changed":false,"inline_featured_image":false,"footnotes":""},"class_list":["post-5","page","type-page","status-publish","hentry"],"acf":[],"_links":{"self":[{"href":"\/docs-mcloud\/wp-json\/wp\/v2\/pages\/5","targetHints":{"allow":["GET"]}}],"collection":[{"href":"\/docs-mcloud\/wp-json\/wp\/v2\/pages"}],"about":[{"href":"\/docs-mcloud\/wp-json\/wp\/v2\/types\/page"}],"author":[{"embeddable":true,"href":"\/docs-mcloud\/wp-json\/wp\/v2\/users\/1"}],"replies":[{"embeddable":true,"href":"\/docs-mcloud\/wp-json\/wp\/v2\/comments?post=5"}],"version-history":[{"count":4,"href":"\/docs-mcloud\/wp-json\/wp\/v2\/pages\/5\/revisions"}],"predecessor-version":[{"id":2828,"href":"\/docs-mcloud\/wp-json\/wp\/v2\/pages\/5\/revisions\/2828"}],"wp:attachment":[{"href":"\/docs-mcloud\/wp-json\/wp\/v2\/media?parent=5"}],"curies":[{"name":"wp","href":"https:\/\/api.w.org\/{rel}","templated":true}]}}