{"id":2674,"date":"2025-10-08T09:15:00","date_gmt":"2025-10-08T09:15:00","guid":{"rendered":"\/docs-mcloud\/?page_id=2674"},"modified":"2026-02-19T07:59:37","modified_gmt":"2026-02-19T07:59:37","slug":"plan-importieren","status":"publish","type":"page","link":"\/docs-mcloud\/hilfe\/streuplan\/plan-importieren\/","title":{"rendered":"Plan importieren"},"content":{"rendered":"\n<p>Importieren Sie vorhandene Pl\u00e4ne \u00fcber den Button <strong>Importieren<\/strong> <\/p>\n\n\n\n<figure class=\"wp-block-image size-large\"><img loading=\"lazy\" decoding=\"async\" width=\"1024\" height=\"444\" src=\"\/docs-mcloud\/wp-content\/uploads\/sites\/4\/2025\/09\/planImportButton-1024x444.png\" alt=\"\" class=\"wp-image-2676\" srcset=\"\/docs-mcloud\/wp-content\/uploads\/sites\/4\/2025\/09\/planImportButton-1024x444.png 1024w, \/docs-mcloud\/wp-content\/uploads\/sites\/4\/2025\/09\/planImportButton-300x130.png 300w, \/docs-mcloud\/wp-content\/uploads\/sites\/4\/2025\/09\/planImportButton-768x333.png 768w, \/docs-mcloud\/wp-content\/uploads\/sites\/4\/2025\/09\/planImportButton.png 1138w\" sizes=\"auto, (max-width: 1024px) 100vw, 1024px\" \/><\/figure>\n\n\n\n<h2 class=\"wp-block-heading\">Aufbau einer Planimportdatei<\/h2>\n\n\n\n<h3 class=\"wp-block-heading\">Dateiformat<\/h3>\n\n\n\n<p>Unterst\u00fctzte Dateiformate:  <strong>.txt<\/strong> und <strong>.csv<\/strong><br>Erforderliche Zeichenkodierung: <strong>UTF-8<\/strong><\/p>\n\n\n\n<h3 class=\"wp-block-heading\">Trennzeichen<\/h3>\n\n\n\n<p>Die Werte innerhalb einer Zeile m\u00fcssen entweder durch einen Tabulator (Tabspace) oder ein Semikolon (;) getrennt werden.<\/p>\n\n\n\n<h3 class=\"wp-block-heading\">Aufbau der Kopfzeile<\/h3>\n\n\n\n<figure class=\"wp-block-image size-large\"><img loading=\"lazy\" decoding=\"async\" width=\"1024\" height=\"436\" src=\"\/docs-mcloud\/wp-content\/uploads\/sites\/4\/2026\/02\/Screenshot-2026-02-18-at-10.18.35-1024x436.png\" alt=\"\" class=\"wp-image-2987\" srcset=\"\/docs-mcloud\/wp-content\/uploads\/sites\/4\/2026\/02\/Screenshot-2026-02-18-at-10.18.35-1024x436.png 1024w, \/docs-mcloud\/wp-content\/uploads\/sites\/4\/2026\/02\/Screenshot-2026-02-18-at-10.18.35-300x128.png 300w, \/docs-mcloud\/wp-content\/uploads\/sites\/4\/2026\/02\/Screenshot-2026-02-18-at-10.18.35-768x327.png 768w, \/docs-mcloud\/wp-content\/uploads\/sites\/4\/2026\/02\/Screenshot-2026-02-18-at-10.18.35-1536x653.png 1536w, \/docs-mcloud\/wp-content\/uploads\/sites\/4\/2026\/02\/Screenshot-2026-02-18-at-10.18.35.png 1768w\" sizes=\"auto, (max-width: 1024px) 100vw, 1024px\" \/><\/figure>\n\n\n\n<p><strong>Erste Spalte<\/strong>: <strong>Namen der Belegungseinheiten<\/strong><br>Die <strong>1. Spalte<\/strong> aller Zeilen muss den <strong>Namen<\/strong> der zu importierenden Belegungseinheit\/Medie enthalten und darf nicht leer sein.<br><br><strong>Zweite Spalte bis vor Optionalen Spalten: Planspalten<\/strong><br><strong>(Alle Spalten nach der ersten Spalte bis vor Optionalen Spalten, beliebige Anzahl<\/strong>)<br>Die Namen dieser Spalten in der Kopfzeile werden als Namen f\u00fcr die importierten Pl\u00e4ne verwendet.<br>Als Wert f\u00fcr die Zellen wird eine Leere Zelle oder eine ganze Zahl erwartet, welche die Anzahl der Belegungen einer Belegungseinheit im Plan darstellt.<br><\/p>\n\n\n\n<p><strong>Optionale Spalten<\/strong><\/p>\n\n\n\n<p>Die Reihenfolge der Optionalen Spalten kann individuell festgelegt werden.<\/p>\n\n\n\n<p><strong><em>Spotl\u00e4nge<\/em><\/strong><br>Die <strong>Spalte<\/strong> aller Zeilen akzeptiert eine leere Zelle oder eine Zahl, welche die Spotl\u00e4nge einer Belegungseinheit im Plan in ganzen Sekunden darstellt.<br><br><strong>PIs<\/strong><br>Die <strong>Spalte<\/strong> aller Zeilen akzeptiert eine leere Zelle oder eine Zahl, um den PI Wert einer Belegungseinheit im Plan zu setzen.<\/p>\n\n\n\n<p><strong>Mediengewicht<\/strong><br>Die <strong>Spalte<\/strong> aller Zeilen akzeptiert <strong>NUR <\/strong>eine Zahl zwischen 1:100, um das Mediengewicht einer Belegungseinheit im Plan zu setzen.<br>Achtung!!!: Wenn das Mediengewicht ohne Zahlen verwendet wird, wird standardm\u00e4\u00dfig das Mediengewicht auf 100 gesetzt.<\/p>\n\n\n\n<p><strong>Formatgewicht<\/strong><br>Die <strong>Spalte<\/strong> aller Zeilen akzeptiert <strong>NUR <\/strong>eine Zahl zwischen 1-10.000, um den PI Wert einer Belegungseinheit im Plan zu setzen.<br>Achtung!!!: Wenn das Formatgewicht ohne Zahlen verwendet wird, wird standardm\u00e4\u00dfig das Formatgewicht auf 100 gesetzt.<\/p>\n\n\n\n<p><strong>Kosten<\/strong><br>Die <strong>Spalte<\/strong> aller Zeilen akzeptiert eine leere Zelle oder eine Zahl, um die Kosten einer Belegungseinheit im Plan einzutragen. Bereits bestehende Kosten werden durch den Import \u00fcberschrieben. Wenn importierte Kosten im Z\u00e4hltool manuell entfernt werden, sind ggf. die \u00fcberschriebenen Kosten wieder sichtbar.<\/p>\n\n\n\n<h3 class=\"wp-block-heading\">Leere Zelle hinzuf\u00fcgen<\/h3>\n\n\n\n<p>Wenn eine Zelle keinen Wert zugewiesen bekommen soll, m\u00fcssen je nach gew\u00e4hlten Trennzeichen, folgende Regeln beachtet werden:<\/p>\n\n\n\n<p><strong>Tabulator (Tabspace): <\/strong>Soll einer Zelle kein Wert zugewiesen werden, muss statt einem Wert ein Leerzeichen gesetzt werden.<br><br><strong>Semikolon: <\/strong>Soll einer Zelle kein Wert zugewiesen werden, muss <strong>kein Wert daf\u00fcr<\/strong> hinterlegt, sondern lediglich ein Semikolon gesetzt werden, sofern noch weitere Spalten einen Wert erwarten.<\/p>\n\n\n\n<h2 class=\"wp-block-heading\">Beispieldateien<\/h2>\n\n\n\n<p><strong>Verwendete Strukturen in den Beispiel Dateien:<\/strong><br>nameA: Jeder Plan belegt, keine Spotl\u00e4nge, keine PIs, Mediengewicht 50, Formatgewicht 50, Kosten 10000<br>nameB: Jeder Plan belegt, Spotl\u00e4nge 10 Sekunden, keine PIs, Mediengewicht 20, Formatgewicht 80, Kosten 8000<br>nameC: Jeder Plan belegt, keine Spotl\u00e4nge, PIs 3000, Mediengewicht 0, Formatgewicht 100, Kosten 250<br><\/p>\n\n\n\n<p><br><strong>Beispiel Tabspace<\/strong><\/p>\n\n\n\n<figure class=\"wp-block-image size-full\"><img loading=\"lazy\" decoding=\"async\" width=\"1168\" height=\"146\" src=\"\/docs-mcloud\/wp-content\/uploads\/sites\/4\/2026\/02\/plan_Beispiel_Tabspace.png\" alt=\"\" class=\"wp-image-3004\" srcset=\"\/docs-mcloud\/wp-content\/uploads\/sites\/4\/2026\/02\/plan_Beispiel_Tabspace.png 1168w, \/docs-mcloud\/wp-content\/uploads\/sites\/4\/2026\/02\/plan_Beispiel_Tabspace-300x38.png 300w, \/docs-mcloud\/wp-content\/uploads\/sites\/4\/2026\/02\/plan_Beispiel_Tabspace-1024x128.png 1024w, \/docs-mcloud\/wp-content\/uploads\/sites\/4\/2026\/02\/plan_Beispiel_Tabspace-768x96.png 768w\" sizes=\"auto, (max-width: 1168px) 100vw, 1168px\" \/><\/figure>\n\n\n\n<p><strong>Beispiel Semikolon<\/strong><\/p>\n\n\n\n<figure class=\"wp-block-image size-full\"><img loading=\"lazy\" decoding=\"async\" width=\"1114\" height=\"146\" src=\"\/docs-mcloud\/wp-content\/uploads\/sites\/4\/2026\/02\/plan_Beispiel_Semikolon.png\" alt=\"\" class=\"wp-image-3005\" srcset=\"\/docs-mcloud\/wp-content\/uploads\/sites\/4\/2026\/02\/plan_Beispiel_Semikolon.png 1114w, \/docs-mcloud\/wp-content\/uploads\/sites\/4\/2026\/02\/plan_Beispiel_Semikolon-300x39.png 300w, \/docs-mcloud\/wp-content\/uploads\/sites\/4\/2026\/02\/plan_Beispiel_Semikolon-1024x134.png 1024w, \/docs-mcloud\/wp-content\/uploads\/sites\/4\/2026\/02\/plan_Beispiel_Semikolon-768x101.png 768w\" sizes=\"auto, (max-width: 1114px) 100vw, 1114px\" \/><\/figure>\n\n\n\n<p><\/p>\n","protected":false},"excerpt":{"rendered":"<p>Importieren Sie vorhandene Pl\u00e4ne \u00fcber den Button Importieren Aufbau einer Planimportdatei Dateiformat Unterst\u00fctzte Dateiformate: .txt und .csvErforderliche Zeichenkodierung: UTF-8 Trennzeichen Die Werte innerhalb einer Zeile m\u00fcssen entweder durch einen Tabulator (Tabspace) oder ein Semikolon (;) getrennt werden. Aufbau der Kopfzeile Erste Spalte: Namen der BelegungseinheitenDie 1. Spalte aller Zeilen muss den Namen der zu importierenden [&hellip;]<\/p>\n","protected":false},"author":14,"featured_media":0,"parent":660,"menu_order":4,"comment_status":"closed","ping_status":"closed","template":"","meta":{"_acf_changed":false,"inline_featured_image":false,"footnotes":""},"class_list":["post-2674","page","type-page","status-publish","hentry"],"acf":[],"_links":{"self":[{"href":"\/docs-mcloud\/wp-json\/wp\/v2\/pages\/2674","targetHints":{"allow":["GET"]}}],"collection":[{"href":"\/docs-mcloud\/wp-json\/wp\/v2\/pages"}],"about":[{"href":"\/docs-mcloud\/wp-json\/wp\/v2\/types\/page"}],"author":[{"embeddable":true,"href":"\/docs-mcloud\/wp-json\/wp\/v2\/users\/14"}],"replies":[{"embeddable":true,"href":"\/docs-mcloud\/wp-json\/wp\/v2\/comments?post=2674"}],"version-history":[{"count":5,"href":"\/docs-mcloud\/wp-json\/wp\/v2\/pages\/2674\/revisions"}],"predecessor-version":[{"id":3007,"href":"\/docs-mcloud\/wp-json\/wp\/v2\/pages\/2674\/revisions\/3007"}],"up":[{"embeddable":true,"href":"\/docs-mcloud\/wp-json\/wp\/v2\/pages\/660"}],"wp:attachment":[{"href":"\/docs-mcloud\/wp-json\/wp\/v2\/media?parent=2674"}],"curies":[{"name":"wp","href":"https:\/\/api.w.org\/{rel}","templated":true}]}}