{"id":2128,"date":"2020-12-14T11:20:06","date_gmt":"2020-12-14T11:20:06","guid":{"rendered":"\/docs-mcloud\/hilfe\/tagesablauf\/auswertungen-im-tagesablauf\/"},"modified":"2023-08-31T10:00:31","modified_gmt":"2023-08-31T10:00:31","slug":"auswertungen-im-tagesablauf","status":"publish","type":"page","link":"\/docs-mcloud\/hilfe\/tagesablauf\/auswertungen-im-tagesablauf\/","title":{"rendered":"Auswertungen im Tagesablauf"},"content":{"rendered":"\n<h2 class=\"wp-block-heading\">Auswertung erstellen und anpassen<\/h2>\n\n\n\n<p>Per Drag &amp; Drop werden Merkmale aus dem Datenpanel in den Arbeitsbereich gezogen und der Auswertung hinzugef\u00fcgt. <\/p>\n\n\n\n<div class=\"wp-block-columns is-layout-flex wp-container-core-columns-is-layout-9d6595d7 wp-block-columns-is-layout-flex\">\n<div class=\"wp-block-column is-layout-flow wp-block-column-is-layout-flow\">\n<figure class=\"wp-block-image size-large\"><a href=\"\/docs-mcloud\/wp-content\/uploads\/sites\/4\/2020\/12\/TA17.png\"><img loading=\"lazy\" decoding=\"async\" width=\"609\" height=\"325\" src=\"\/docs-mcloud\/wp-content\/uploads\/sites\/4\/2020\/12\/TA17.png\" alt=\"\" class=\"wp-image-2157\" srcset=\"\/docs-mcloud\/wp-content\/uploads\/sites\/4\/2020\/12\/TA17.png 609w, \/docs-mcloud\/wp-content\/uploads\/sites\/4\/2020\/12\/TA17-300x160.png 300w\" sizes=\"auto, (max-width: 609px) 100vw, 609px\" \/><\/a><\/figure>\n<\/div>\n\n\n\n<div class=\"wp-block-column is-layout-flow wp-block-column-is-layout-flow\">\n<p>Merkmale k\u00f6nnen anschlie\u00dfend im Arbeitsbereich beliebig verschoben werden.<\/p>\n<\/div>\n<\/div>\n\n\n\n<div class=\"wp-block-columns is-layout-flex wp-container-core-columns-is-layout-9d6595d7 wp-block-columns-is-layout-flex\">\n<div class=\"wp-block-column is-layout-flow wp-block-column-is-layout-flow\">\n<figure class=\"wp-block-image size-large\"><a href=\"\/docs-mcloud\/wp-content\/uploads\/sites\/4\/2020\/12\/Leistungswerte_verschieben.png\"><img loading=\"lazy\" decoding=\"async\" width=\"476\" height=\"135\" src=\"\/docs-mcloud\/wp-content\/uploads\/sites\/4\/2020\/12\/Leistungswerte_verschieben.png\" alt=\"\" class=\"wp-image-2158\" srcset=\"\/docs-mcloud\/wp-content\/uploads\/sites\/4\/2020\/12\/Leistungswerte_verschieben.png 476w, \/docs-mcloud\/wp-content\/uploads\/sites\/4\/2020\/12\/Leistungswerte_verschieben-300x85.png 300w\" sizes=\"auto, (max-width: 476px) 100vw, 476px\" \/><\/a><\/figure>\n<\/div>\n\n\n\n<div class=\"wp-block-column is-layout-flow wp-block-column-is-layout-flow\">\n<p>Auch Leistungswerte k\u00f6nnen im <em>Tagesablauf <\/em>zwischen Vorspalte und Tabellenkopf verschoben werden. Die Auswahl der Leistungswerte erfolgt im <a href=\"\/docs-mcloud\/hilfe\/tabellierung\/tabellenlayout\/\">Layout<\/a>.<\/p>\n<\/div>\n<\/div>\n\n\n\n<h2 class=\"wp-block-heading\">Zielgruppen verkn\u00fcpfen<\/h2>\n\n\n\n<p>Besonders ist die M\u00f6glichkeit, Merkmale nebeneinander bzw. untereinander einzuf\u00fcgen, um Zeitschnitte mit mindestens einer T\u00e4tigkeit zu verkn\u00fcpfen.<\/p>\n\n\n\n<p>Eingef\u00fcgt werden kann links und rechts bzw. \u00fcber und unter einem Merkmal \/ einer \u00dcberschrift &#8211; hervorgehoben durch eine helle Schattierung und wei\u00dfe Schrift.<\/p>\n\n\n\n<div class=\"wp-block-columns is-layout-flex wp-container-core-columns-is-layout-9d6595d7 wp-block-columns-is-layout-flex\">\n<div class=\"wp-block-column is-layout-flow wp-block-column-is-layout-flow\">\n<figure class=\"wp-block-image size-large\"><img loading=\"lazy\" decoding=\"async\" width=\"433\" height=\"326\" src=\"\/docs-mcloud\/wp-content\/uploads\/sites\/4\/2020\/12\/Tagesablauf_Drag_Drop.png\" alt=\"\" class=\"wp-image-2144\" srcset=\"\/docs-mcloud\/wp-content\/uploads\/sites\/4\/2020\/12\/Tagesablauf_Drag_Drop.png 433w, \/docs-mcloud\/wp-content\/uploads\/sites\/4\/2020\/12\/Tagesablauf_Drag_Drop-300x226.png 300w\" sizes=\"auto, (max-width: 433px) 100vw, 433px\" \/><figcaption>Zeitschnitt neben T\u00e4tigkeiten in der Vorspalte einf\u00fcgen<\/figcaption><\/figure>\n<\/div>\n\n\n\n<div class=\"wp-block-column is-layout-flow wp-block-column-is-layout-flow\">\n<figure class=\"wp-block-image size-large\"><a href=\"\/docs-mcloud\/wp-content\/uploads\/sites\/4\/2020\/12\/Tagesablauf_Drag_Drop2.png\"><img loading=\"lazy\" decoding=\"async\" width=\"453\" height=\"283\" src=\"\/docs-mcloud\/wp-content\/uploads\/sites\/4\/2020\/12\/Tagesablauf_Drag_Drop2.png\" alt=\"\" class=\"wp-image-2145\" srcset=\"\/docs-mcloud\/wp-content\/uploads\/sites\/4\/2020\/12\/Tagesablauf_Drag_Drop2.png 453w, \/docs-mcloud\/wp-content\/uploads\/sites\/4\/2020\/12\/Tagesablauf_Drag_Drop2-300x187.png 300w\" sizes=\"auto, (max-width: 453px) 100vw, 453px\" \/><\/a><figcaption>Zeitschnitt unter T\u00e4tigkeit im Tabellenkopf einf\u00fcgen<\/figcaption><\/figure>\n<\/div>\n<\/div>\n\n\n\n<div class=\"wp-block-columns is-layout-flex wp-container-core-columns-is-layout-9d6595d7 wp-block-columns-is-layout-flex\">\n<div class=\"wp-block-column is-layout-flow wp-block-column-is-layout-flow\">\n<figure class=\"wp-block-image size-large\"><a href=\"\/docs-mcloud\/wp-content\/uploads\/sites\/4\/2020\/12\/Tagesablauf_UND_Ersatz.png\"><img loading=\"lazy\" decoding=\"async\" width=\"403\" height=\"345\" src=\"\/docs-mcloud\/wp-content\/uploads\/sites\/4\/2020\/12\/Tagesablauf_UND_Ersatz.png\" alt=\"\" class=\"wp-image-2146\" srcset=\"\/docs-mcloud\/wp-content\/uploads\/sites\/4\/2020\/12\/Tagesablauf_UND_Ersatz.png 403w, \/docs-mcloud\/wp-content\/uploads\/sites\/4\/2020\/12\/Tagesablauf_UND_Ersatz-300x257.png 300w\" sizes=\"auto, (max-width: 403px) 100vw, 403px\" \/><\/a><\/figure>\n<\/div>\n\n\n\n<div class=\"wp-block-column is-layout-flow wp-block-column-is-layout-flow\">\n<p>Das Tabellenformat ersetzt den UND-Operator in der Verkn\u00fcpfung von Zielgruppen. Der ODER-Operator steht weiterhin zur Verf\u00fcgung.<\/p>\n<\/div>\n<\/div>\n\n\n\n<p>Soll ein Merkmal nur mit einem bestimmten Zeitschnitt \/ Merkmal in der Vorspalte oder im Tabellenkopf verkn\u00fcpft werden, wird es darunter gezogen, bis das Feld vollst\u00e4ndig hellgr\u00fcn ist.<\/p>\n\n\n\n<div class=\"wp-block-columns is-layout-flex wp-container-core-columns-is-layout-9d6595d7 wp-block-columns-is-layout-flex\">\n<div class=\"wp-block-column is-layout-flow wp-block-column-is-layout-flow\">\n<figure class=\"wp-block-image size-large\"><a href=\"\/docs-mcloud\/wp-content\/uploads\/sites\/4\/2020\/12\/Tagesablauf_Zielgruppe_nur_1header.png\"><img loading=\"lazy\" decoding=\"async\" width=\"435\" height=\"279\" src=\"\/docs-mcloud\/wp-content\/uploads\/sites\/4\/2020\/12\/Tagesablauf_Zielgruppe_nur_1header.png\" alt=\"\" class=\"wp-image-2152\" srcset=\"\/docs-mcloud\/wp-content\/uploads\/sites\/4\/2020\/12\/Tagesablauf_Zielgruppe_nur_1header.png 435w, \/docs-mcloud\/wp-content\/uploads\/sites\/4\/2020\/12\/Tagesablauf_Zielgruppe_nur_1header-300x192.png 300w\" sizes=\"auto, (max-width: 435px) 100vw, 435px\" \/><\/a><figcaption>Verkn\u00fcpfung Fernsehen mit 5.00 &#8211; 6.00<\/figcaption><\/figure>\n<\/div>\n\n\n\n<div class=\"wp-block-column is-layout-flow wp-block-column-is-layout-flow\">\n<figure class=\"wp-block-image size-large\"><a href=\"\/docs-mcloud\/wp-content\/uploads\/sites\/4\/2020\/12\/Tagesablauf_Zielgruppe_nur_1header2.png\"><img loading=\"lazy\" decoding=\"async\" width=\"473\" height=\"242\" src=\"\/docs-mcloud\/wp-content\/uploads\/sites\/4\/2020\/12\/Tagesablauf_Zielgruppe_nur_1header2.png\" alt=\"\" class=\"wp-image-2153\" srcset=\"\/docs-mcloud\/wp-content\/uploads\/sites\/4\/2020\/12\/Tagesablauf_Zielgruppe_nur_1header2.png 473w, \/docs-mcloud\/wp-content\/uploads\/sites\/4\/2020\/12\/Tagesablauf_Zielgruppe_nur_1header2-300x153.png 300w\" sizes=\"auto, (max-width: 473px) 100vw, 473px\" \/><\/a><figcaption>Fernsehen wird neben Radio h\u00f6ren und unter 5.00 &#8211; 6.00 eingef\u00fcgt<\/figcaption><\/figure>\n<\/div>\n<\/div>\n\n\n\n<p>Ziehen Sie eine Variablen aus dem Codeplan unter \/ rechts neben eine T\u00e4tigkeit \/ Mediennutzung, wird eine Gesamtspalte \/ -zeile hinzugef\u00fcgt.<\/p>\n\n\n\n<div class=\"wp-block-columns is-layout-flex wp-container-core-columns-is-layout-9d6595d7 wp-block-columns-is-layout-flex\">\n<div class=\"wp-block-column is-layout-flow wp-block-column-is-layout-flow\">\n<figure class=\"wp-block-image size-large\"><a href=\"\/docs-mcloud\/wp-content\/uploads\/sites\/4\/2020\/12\/Codeplan_Taetigkeit.png\"><img loading=\"lazy\" decoding=\"async\" width=\"646\" height=\"287\" src=\"\/docs-mcloud\/wp-content\/uploads\/sites\/4\/2020\/12\/Codeplan_Taetigkeit.png\" alt=\"\" class=\"wp-image-2162\" srcset=\"\/docs-mcloud\/wp-content\/uploads\/sites\/4\/2020\/12\/Codeplan_Taetigkeit.png 646w, \/docs-mcloud\/wp-content\/uploads\/sites\/4\/2020\/12\/Codeplan_Taetigkeit-300x133.png 300w\" sizes=\"auto, (max-width: 646px) 100vw, 646px\" \/><\/a><figcaption>Geschlecht wird unter CD \/ MP3 \/ Kassette etc. h\u00f6ren gezogen<\/figcaption><\/figure>\n<\/div>\n\n\n\n<div class=\"wp-block-column is-layout-flow wp-block-column-is-layout-flow\">\n<figure class=\"wp-block-image size-large\"><a href=\"\/docs-mcloud\/wp-content\/uploads\/sites\/4\/2020\/12\/Codeplan_Taetigkeit2.png\"><img loading=\"lazy\" decoding=\"async\" width=\"831\" height=\"299\" src=\"\/docs-mcloud\/wp-content\/uploads\/sites\/4\/2020\/12\/Codeplan_Taetigkeit2.png\" alt=\"\" class=\"wp-image-2163\" srcset=\"\/docs-mcloud\/wp-content\/uploads\/sites\/4\/2020\/12\/Codeplan_Taetigkeit2.png 831w, \/docs-mcloud\/wp-content\/uploads\/sites\/4\/2020\/12\/Codeplan_Taetigkeit2-300x108.png 300w, \/docs-mcloud\/wp-content\/uploads\/sites\/4\/2020\/12\/Codeplan_Taetigkeit2-768x276.png 768w\" sizes=\"auto, (max-width: 831px) 100vw, 831px\" \/><\/a><figcaption>Gesamtspalte wird den einzelnen Geschlechtern vorangestellt<\/figcaption><\/figure>\n<\/div>\n<\/div>\n\n\n\n<h2 class=\"wp-block-heading\">gleichzeitige T\u00e4tigkeiten<\/h2>\n\n\n\n<p>Die besondere Datenstruktur erlaubt das Z\u00e4hlen von gleichzeitigen T\u00e4tigkeiten in Zeitschnitten. Gleichzeitige T\u00e4tigkeiten werden definiert \u00fcber die \u00bc-Stundenschnitte: Nur, wenn zwei T\u00e4tigkeiten in denselben 15-min\u00fctigen Zeitraum fallen (z.B. zwischen 5.00 &#8211; 5.15), werden sie in der verkn\u00fcpften Zelle gez\u00e4hlt.<\/p>\n\n\n\n<p>Das Beispiel zeigt alle F\u00e4lle, die zwischen 5.00 &#8211; 6.00 im Auto unterwegs sind, bzw. Radio h\u00f6ren. Die dritte Zeile zeigt alle F\u00e4lle, die zwischen 5.00 &#8211; 6.00 im Auto unterwegs sind und Radio h\u00f6ren.<\/p>\n\n\n\n<figure class=\"wp-block-image size-large\"><a href=\"\/docs-mcloud\/wp-content\/uploads\/sites\/4\/2020\/12\/Tagesablauf_gleichzeitige_Taetigkeiten.png\"><img loading=\"lazy\" decoding=\"async\" width=\"329\" height=\"263\" src=\"\/docs-mcloud\/wp-content\/uploads\/sites\/4\/2020\/12\/Tagesablauf_gleichzeitige_Taetigkeiten.png\" alt=\"\" class=\"wp-image-2140\" srcset=\"\/docs-mcloud\/wp-content\/uploads\/sites\/4\/2020\/12\/Tagesablauf_gleichzeitige_Taetigkeiten.png 329w, \/docs-mcloud\/wp-content\/uploads\/sites\/4\/2020\/12\/Tagesablauf_gleichzeitige_Taetigkeiten-300x240.png 300w\" sizes=\"auto, (max-width: 329px) 100vw, 329px\" \/><\/a><\/figure>\n\n\n\n<h2 class=\"wp-block-heading\">Basiszeile \/ Basisspalte<\/h2>\n\n\n\n<p>Merkmale aus dem Datenpanel k\u00f6nnen mit der Basiszeile und der Basisspalte verkn\u00fcpft werden, um F\u00e4lle und Prozentuierung einzuschr\u00e4nken.<\/p>\n\n\n\n<p>F\u00fcr Zeitschnitte erm\u00f6glicht die Verkn\u00fcpfung der Basis mit einem Zeitschnitt die Berechnung von Basiswerten wie <em>F\u00e4llen <\/em>und <em>Hochrechnung in Mio<\/em>. sowie die Z\u00e4hlung von <em>Vertikalen %<\/em> f\u00fcr T\u00e4tigkeiten \/ Mediennutzung in bestimmten Zeitschnitten.<\/p>\n\n\n\n<p>Der Zeitschnitt Nettoreichweite 5.00 &#8211; 24.00 umfasst alle Befragten, die f\u00fcr mindestens einen \u00bc-Stundenschnitt eine Angabe gemacht haben.<\/p>\n\n\n\n<div class=\"wp-block-columns is-layout-flex wp-container-core-columns-is-layout-9d6595d7 wp-block-columns-is-layout-flex\">\n<div class=\"wp-block-column is-layout-flow wp-block-column-is-layout-flow\">\n<figure class=\"wp-block-image size-large\"><a href=\"\/docs-mcloud\/wp-content\/uploads\/sites\/4\/2020\/12\/Tagesablauf_Basiszeile_vorher.png\"><img loading=\"lazy\" decoding=\"async\" width=\"544\" height=\"282\" src=\"\/docs-mcloud\/wp-content\/uploads\/sites\/4\/2020\/12\/Tagesablauf_Basiszeile_vorher.png\" alt=\"\" class=\"wp-image-2160\" srcset=\"\/docs-mcloud\/wp-content\/uploads\/sites\/4\/2020\/12\/Tagesablauf_Basiszeile_vorher.png 544w, \/docs-mcloud\/wp-content\/uploads\/sites\/4\/2020\/12\/Tagesablauf_Basiszeile_vorher-300x156.png 300w\" sizes=\"auto, (max-width: 544px) 100vw, 544px\" \/><\/a><figcaption>ohne verkn\u00fcpfte Basiszeile: Keine Ausweisung % Vert. f\u00fcr 5.00 &#8211; 6.00<\/figcaption><\/figure>\n<\/div>\n\n\n\n<div class=\"wp-block-column is-layout-flow wp-block-column-is-layout-flow\">\n<figure class=\"wp-block-image size-large\"><a href=\"\/docs-mcloud\/wp-content\/uploads\/sites\/4\/2020\/12\/Tagesablauf_Basiszeile_nachher.png\"><img loading=\"lazy\" decoding=\"async\" width=\"543\" height=\"295\" src=\"\/docs-mcloud\/wp-content\/uploads\/sites\/4\/2020\/12\/Tagesablauf_Basiszeile_nachher.png\" alt=\"\" class=\"wp-image-2161\" srcset=\"\/docs-mcloud\/wp-content\/uploads\/sites\/4\/2020\/12\/Tagesablauf_Basiszeile_nachher.png 543w, \/docs-mcloud\/wp-content\/uploads\/sites\/4\/2020\/12\/Tagesablauf_Basiszeile_nachher-300x163.png 300w\" sizes=\"auto, (max-width: 543px) 100vw, 543px\" \/><\/a><figcaption>verkn\u00fcpfte Basiszeile: % Vert. wird ausgewiesen<\/figcaption><\/figure>\n<\/div>\n<\/div>\n\n\n\n<h2 class=\"wp-block-heading\">L\u00f6schen<\/h2>\n\n\n\n<p>Das <a href=\"\/docs-mcloud\/hilfe\/programmoberflaeche\/loeschen\/\">L\u00f6schen<\/a> einzelner Merkmale oder der gesamten Auswertung funktioniert analog der anderen Module \u00fcber die rechte Maustaste oder per Drag &amp; Drop auf den Papierkorb.<\/p>\n","protected":false},"excerpt":{"rendered":"<p>Auswertung erstellen und anpassen Per Drag &amp; Drop werden Merkmale aus dem Datenpanel in den Arbeitsbereich gezogen und der Auswertung hinzugef\u00fcgt. Merkmale k\u00f6nnen anschlie\u00dfend im Arbeitsbereich beliebig verschoben werden. Auch Leistungswerte k\u00f6nnen im Tagesablauf zwischen Vorspalte und Tabellenkopf verschoben werden. Die Auswahl der Leistungswerte erfolgt im Layout. Zielgruppen verkn\u00fcpfen Besonders ist die M\u00f6glichkeit, Merkmale nebeneinander [&hellip;]<\/p>\n","protected":false},"author":7,"featured_media":0,"parent":664,"menu_order":0,"comment_status":"closed","ping_status":"closed","template":"","meta":{"_acf_changed":false,"inline_featured_image":false,"footnotes":""},"class_list":["post-2128","page","type-page","status-publish","hentry"],"acf":[],"_links":{"self":[{"href":"\/docs-mcloud\/wp-json\/wp\/v2\/pages\/2128","targetHints":{"allow":["GET"]}}],"collection":[{"href":"\/docs-mcloud\/wp-json\/wp\/v2\/pages"}],"about":[{"href":"\/docs-mcloud\/wp-json\/wp\/v2\/types\/page"}],"author":[{"embeddable":true,"href":"\/docs-mcloud\/wp-json\/wp\/v2\/users\/7"}],"replies":[{"embeddable":true,"href":"\/docs-mcloud\/wp-json\/wp\/v2\/comments?post=2128"}],"version-history":[{"count":13,"href":"\/docs-mcloud\/wp-json\/wp\/v2\/pages\/2128\/revisions"}],"predecessor-version":[{"id":2164,"href":"\/docs-mcloud\/wp-json\/wp\/v2\/pages\/2128\/revisions\/2164"}],"up":[{"embeddable":true,"href":"\/docs-mcloud\/wp-json\/wp\/v2\/pages\/664"}],"wp:attachment":[{"href":"\/docs-mcloud\/wp-json\/wp\/v2\/media?parent=2128"}],"curies":[{"name":"wp","href":"https:\/\/api.w.org\/{rel}","templated":true}]}}