{"id":1864,"date":"2020-12-08T12:55:58","date_gmt":"2020-12-08T12:55:58","guid":{"rendered":"\/docs-mcloud\/hilfe\/tabellierung\/struktur-tabellenaufbau-und-modifikation\/"},"modified":"2026-04-21T07:19:54","modified_gmt":"2026-04-21T07:19:54","slug":"struktur-tabellenaufbau-und-modifikation","status":"publish","type":"page","link":"\/docs-mcloud\/hilfe\/tabellierung\/struktur-tabellenaufbau-und-modifikation\/","title":{"rendered":"Struktur &#8211; Tabellenaufbau und -modifikation"},"content":{"rendered":"\n<figure class=\"wp-block-image size-large\"><a href=\"\/docs-mcloud\/wp-content\/uploads\/sites\/4\/2020\/12\/struktur1-1.png\"><img loading=\"lazy\" decoding=\"async\" width=\"601\" height=\"84\" src=\"\/docs-mcloud\/wp-content\/uploads\/sites\/4\/2020\/12\/struktur1-1.png\" alt=\"\" class=\"wp-image-1867\" srcset=\"\/docs-mcloud\/wp-content\/uploads\/sites\/4\/2020\/12\/struktur1-1.png 601w, \/docs-mcloud\/wp-content\/uploads\/sites\/4\/2020\/12\/struktur1-1-300x42.png 300w\" sizes=\"auto, (max-width: 601px) 100vw, 601px\" \/><\/a><\/figure>\n\n\n\n<p>Das Funktion Struktur erm\u00f6glicht, schnell und komfortabel umfangreiche Tabellen zu erzeugen und zu bearbeiten. Vorspalte und Tabellenkopf sind als vertikale Strukturen angelegt und k\u00f6nnen direkt aus dem Codeplan heraus per Drag &amp; Drop bef\u00fcllt werden.<\/p>\n\n\n\n<figure class=\"wp-block-image size-large\"><a href=\"\/docs-mcloud\/wp-content\/uploads\/sites\/4\/2020\/12\/struktur2.png\"><img loading=\"lazy\" decoding=\"async\" width=\"607\" height=\"577\" src=\"\/docs-mcloud\/wp-content\/uploads\/sites\/4\/2020\/12\/struktur2.png\" alt=\"\" class=\"wp-image-1868\" srcset=\"\/docs-mcloud\/wp-content\/uploads\/sites\/4\/2020\/12\/struktur2.png 607w, \/docs-mcloud\/wp-content\/uploads\/sites\/4\/2020\/12\/struktur2-300x285.png 300w\" sizes=\"auto, (max-width: 607px) 100vw, 607px\" \/><\/a><figcaption>Tabellendarstellung in der Struktur<\/figcaption><\/figure>\n\n\n\n<p>\u00dcber den Button Tauschen werden Vorspalte und Tabellenkopf insgesamt getauscht.<\/p>\n\n\n\n<figure class=\"wp-block-image size-large\"><img loading=\"lazy\" decoding=\"async\" width=\"664\" height=\"624\" src=\"\/docs-mcloud\/wp-content\/uploads\/sites\/4\/2020\/12\/struktur3-1.png\" alt=\"\" class=\"wp-image-1869\" srcset=\"\/docs-mcloud\/wp-content\/uploads\/sites\/4\/2020\/12\/struktur3-1.png 664w, \/docs-mcloud\/wp-content\/uploads\/sites\/4\/2020\/12\/struktur3-1-300x282.png 300w\" sizes=\"auto, (max-width: 664px) 100vw, 664px\" \/><\/figure>\n\n\n\n<p>Eine zuvor angelegte Tabelle kann in <em>Struktur <\/em>bearbeitet werden. Einzelne Merkmale oder Zeilen k\u00f6nnen per Drag &amp; Drop an eine beliebige Position in der Tabelle verschoben werden: aus der Vorspalte in den Tabellenkopf oder einzelne Statements innerhalb eines Merkmals.<\/p>\n\n\n\n<p>Insbesondere die Anlage eines mehrspaltigen Tabellenkopfes wird durch dieses Modul erleichtert. Nicht horizontal als Tabellenspalten angeordnet, sondern wie die Vorspalte als vertikale Struktur, sorgt diese Darstellung f\u00fcr eine bessere \u00dcbersicht.<\/p>\n","protected":false},"excerpt":{"rendered":"<p>Das Funktion Struktur erm\u00f6glicht, schnell und komfortabel umfangreiche Tabellen zu erzeugen und zu bearbeiten. Vorspalte und Tabellenkopf sind als vertikale Strukturen angelegt und k\u00f6nnen direkt aus dem Codeplan heraus per Drag &amp; Drop bef\u00fcllt werden. \u00dcber den Button Tauschen werden Vorspalte und Tabellenkopf insgesamt getauscht. Eine zuvor angelegte Tabelle kann in Struktur bearbeitet werden. Einzelne [&hellip;]<\/p>\n","protected":false},"author":7,"featured_media":0,"parent":656,"menu_order":6,"comment_status":"closed","ping_status":"closed","template":"","meta":{"_acf_changed":false,"inline_featured_image":false,"footnotes":""},"class_list":["post-1864","page","type-page","status-publish","hentry"],"acf":[],"_links":{"self":[{"href":"\/docs-mcloud\/wp-json\/wp\/v2\/pages\/1864","targetHints":{"allow":["GET"]}}],"collection":[{"href":"\/docs-mcloud\/wp-json\/wp\/v2\/pages"}],"about":[{"href":"\/docs-mcloud\/wp-json\/wp\/v2\/types\/page"}],"author":[{"embeddable":true,"href":"\/docs-mcloud\/wp-json\/wp\/v2\/users\/7"}],"replies":[{"embeddable":true,"href":"\/docs-mcloud\/wp-json\/wp\/v2\/comments?post=1864"}],"version-history":[{"count":4,"href":"\/docs-mcloud\/wp-json\/wp\/v2\/pages\/1864\/revisions"}],"predecessor-version":[{"id":3204,"href":"\/docs-mcloud\/wp-json\/wp\/v2\/pages\/1864\/revisions\/3204"}],"up":[{"embeddable":true,"href":"\/docs-mcloud\/wp-json\/wp\/v2\/pages\/656"}],"wp:attachment":[{"href":"\/docs-mcloud\/wp-json\/wp\/v2\/media?parent=1864"}],"curies":[{"name":"wp","href":"https:\/\/api.w.org\/{rel}","templated":true}]}}