{"id":1280,"date":"2020-12-03T07:45:00","date_gmt":"2020-12-03T07:45:02","guid":{"rendered":"\/docs-mcloud\/hilfe\/streuplan\/menue-optionen\/"},"modified":"2023-08-31T10:00:30","modified_gmt":"2023-08-31T10:00:30","slug":"streuplan-optionen","status":"publish","type":"page","link":"\/docs-mcloud\/hilfe\/streuplan\/optionen\/streuplan-optionen\/","title":{"rendered":"Streuplanoptionen"},"content":{"rendered":"\n<p>Je nach Studie und gew\u00e4hlter Mediengattung stehen Ihnen in der Infobar verschiedene Optionen zur Verf\u00fcgung, die sich auf die Berechnung Ihrer Pl\u00e4ne auswirken.<\/p>\n\n\n\n<h2 class=\"wp-block-heading\">Wahl des Tarifs<\/h2>\n\n\n\n<p>Standardm\u00e4\u00dfig wird die aktuelle Tarifdatei f\u00fcr Z\u00e4hlungen verwendet. \u00dcber <img loading=\"lazy\" decoding=\"async\" width=\"18\" height=\"16\" class=\"wp-image-1287\" style=\"width: 19px\" src=\"\/docs-mcloud\/wp-content\/uploads\/sites\/4\/2020\/12\/pull_down.png\" alt=\"\"> \u00f6ffnen Sie ein Drop-Down-Men\u00fc zur Auswahl einer alternativen Tarifdatei.<\/p>\n\n\n\n<figure class=\"wp-block-image size-large\"><a href=\"\/docs-mcloud\/wp-content\/uploads\/sites\/4\/2020\/12\/streuplan-infobar-tarif.png\"><img loading=\"lazy\" decoding=\"async\" width=\"282\" height=\"124\" src=\"\/docs-mcloud\/wp-content\/uploads\/sites\/4\/2020\/12\/streuplan-infobar-tarif.png\" alt=\"\" class=\"wp-image-1286\" \/><\/a><\/figure>\n\n\n\n<h2 class=\"wp-block-heading\">Netto \/ Brutto<\/h2>\n\n\n\n<p>Klicken Sie auf die Auswahl, um zwischen Netto- und Bruttopreisen umzuschalten.<\/p>\n\n\n\n<figure class=\"wp-block-image size-large is-resized\"><a href=\"\/docs-mcloud\/wp-content\/uploads\/sites\/4\/2020\/12\/streuplan-infobar-netto.png\"><img loading=\"lazy\" decoding=\"async\" src=\"\/docs-mcloud\/wp-content\/uploads\/sites\/4\/2020\/12\/streuplan-infobar-netto.png\" alt=\"\" class=\"wp-image-1291\" width=\"283\" height=\"28\" \/><\/a><\/figure>\n\n\n\n<h2 class=\"wp-block-heading\">Anzeigenformate<\/h2>\n\n\n\n<p><strong>PZ<\/strong> (Publikumszeitschriften) \u2013 <strong>TZ<\/strong> (Tageszeitungen) \u2013 <strong>TV<\/strong> (Fernsehen) \u2013 <strong>RA<\/strong> (Radio) \u2013 <strong>OW<\/strong> (Online)<\/p>\n\n\n\n<p>Werden verschiedene Medienarten im Mix verwendet, wird f\u00fcr jede Medienart das ausgew\u00e4hlte Format angezeigt.<\/p>\n\n\n\n<figure class=\"wp-block-image size-large\"><a href=\"\/docs-mcloud\/wp-content\/uploads\/sites\/4\/2020\/12\/streuplan-anzeigenformate-mix.png\"><img loading=\"lazy\" decoding=\"async\" width=\"524\" height=\"267\" src=\"\/docs-mcloud\/wp-content\/uploads\/sites\/4\/2020\/12\/streuplan-anzeigenformate-mix.png\" alt=\"\" class=\"wp-image-1439\" srcset=\"\/docs-mcloud\/wp-content\/uploads\/sites\/4\/2020\/12\/streuplan-anzeigenformate-mix.png 524w, \/docs-mcloud\/wp-content\/uploads\/sites\/4\/2020\/12\/streuplan-anzeigenformate-mix-300x153.png 300w\" sizes=\"auto, (max-width: 524px) 100vw, 524px\" \/><\/a><\/figure>\n\n\n\n<p>Der Dialog zum Festlegen des Formats ist je nach verwendeten Medien unterschiedlich:<\/p>\n\n\n\n<h3 class=\"wp-block-heading\">Zeitschriften<\/h3>\n\n\n\n<p>An dieser Stelle k\u00f6nnen Sie, global f\u00fcr alle Titel, eine Format\u00e4nderung vornehmen. Falls das gew\u00e4hlte Grundformat f\u00fcr einen Titel nicht verf\u00fcgbar ist, wird kein Preis ausgewiesen.<\/p>\n\n\n\n<figure class=\"wp-block-image size-large\"><a href=\"\/docs-mcloud\/wp-content\/uploads\/sites\/4\/2020\/12\/streuplan-infobar-anzeigenformate.png\"><img loading=\"lazy\" decoding=\"async\" width=\"700\" height=\"413\" src=\"\/docs-mcloud\/wp-content\/uploads\/sites\/4\/2020\/12\/streuplan-infobar-anzeigenformate.png\" alt=\"\" class=\"wp-image-1294\" srcset=\"\/docs-mcloud\/wp-content\/uploads\/sites\/4\/2020\/12\/streuplan-infobar-anzeigenformate.png 700w, \/docs-mcloud\/wp-content\/uploads\/sites\/4\/2020\/12\/streuplan-infobar-anzeigenformate-300x177.png 300w\" sizes=\"auto, (max-width: 700px) 100vw, 700px\" \/><\/a><\/figure>\n\n\n\n<h3 class=\"wp-block-heading\">Tageszeitungen<\/h3>\n\n\n\n<p>F\u00fcr die Mediengattung Tageszeitung k\u00f6nnen Sie f\u00fcr alle Medien Ihres Streuplans die Einstellungen zum Anzeigenformat \u00e4ndern.<\/p>\n\n\n\n<figure class=\"wp-block-image size-large\"><a href=\"\/docs-mcloud\/wp-content\/uploads\/sites\/4\/2020\/12\/streuplan-anzeigenformate-tageszeitung.png\"><img loading=\"lazy\" decoding=\"async\" width=\"677\" height=\"547\" src=\"\/docs-mcloud\/wp-content\/uploads\/sites\/4\/2020\/12\/streuplan-anzeigenformate-tageszeitung.png\" alt=\"\" class=\"wp-image-1404\" srcset=\"\/docs-mcloud\/wp-content\/uploads\/sites\/4\/2020\/12\/streuplan-anzeigenformate-tageszeitung.png 677w, \/docs-mcloud\/wp-content\/uploads\/sites\/4\/2020\/12\/streuplan-anzeigenformate-tageszeitung-300x242.png 300w\" sizes=\"auto, (max-width: 677px) 100vw, 677px\" \/><\/a><\/figure>\n\n\n\n<h3 class=\"wp-block-heading\">TV<\/h3>\n\n\n\n<p>F\u00fcr TV-Medien die Spotl\u00e4nge angeben.<\/p>\n\n\n\n<figure class=\"wp-block-image size-large\"><a href=\"\/docs-mcloud\/wp-content\/uploads\/sites\/4\/2020\/12\/streuplan-anzeigenformate-tv.png\"><img loading=\"lazy\" decoding=\"async\" width=\"500\" height=\"326\" src=\"\/docs-mcloud\/wp-content\/uploads\/sites\/4\/2020\/12\/streuplan-anzeigenformate-tv.png\" alt=\"\" class=\"wp-image-1408\" srcset=\"\/docs-mcloud\/wp-content\/uploads\/sites\/4\/2020\/12\/streuplan-anzeigenformate-tv.png 500w, \/docs-mcloud\/wp-content\/uploads\/sites\/4\/2020\/12\/streuplan-anzeigenformate-tv-300x196.png 300w\" sizes=\"auto, (max-width: 500px) 100vw, 500px\" \/><\/a><\/figure>\n\n\n\n<h3 class=\"wp-block-heading\">Radio<\/h3>\n\n\n\n<p>F\u00fcr Radio Medien die Einstellungen zur Preisbasis und Spotl\u00e4nge einstellen.<\/p>\n\n\n\n<figure class=\"wp-block-image size-large\"><a href=\"\/docs-mcloud\/wp-content\/uploads\/sites\/4\/2020\/12\/streuplan-anzeigenformate-radio.png\"><img loading=\"lazy\" decoding=\"async\" width=\"528\" height=\"401\" src=\"\/docs-mcloud\/wp-content\/uploads\/sites\/4\/2020\/12\/streuplan-anzeigenformate-radio.png\" alt=\"\" class=\"wp-image-1405\" srcset=\"\/docs-mcloud\/wp-content\/uploads\/sites\/4\/2020\/12\/streuplan-anzeigenformate-radio.png 528w, \/docs-mcloud\/wp-content\/uploads\/sites\/4\/2020\/12\/streuplan-anzeigenformate-radio-300x228.png 300w\" sizes=\"auto, (max-width: 528px) 100vw, 528px\" \/><\/a><\/figure>\n\n\n\n<h3 class=\"wp-block-heading\">Online<\/h3>\n\n\n\n<p>Wenn Sie Online Medien in Ihrer Planung verwenden, k\u00f6nnen Sie f\u00fcr alle Medien die Werbeform \u00e4ndern.<\/p>\n\n\n\n<figure class=\"wp-block-image size-large\"><a href=\"\/docs-mcloud\/wp-content\/uploads\/sites\/4\/2020\/12\/streuplan-infobar-anzeigenformate-online.png\"><img loading=\"lazy\" decoding=\"async\" width=\"928\" height=\"656\" src=\"\/docs-mcloud\/wp-content\/uploads\/sites\/4\/2020\/12\/streuplan-infobar-anzeigenformate-online.png\" alt=\"\" class=\"wp-image-1307\" srcset=\"\/docs-mcloud\/wp-content\/uploads\/sites\/4\/2020\/12\/streuplan-infobar-anzeigenformate-online.png 928w, \/docs-mcloud\/wp-content\/uploads\/sites\/4\/2020\/12\/streuplan-infobar-anzeigenformate-online-300x212.png 300w, \/docs-mcloud\/wp-content\/uploads\/sites\/4\/2020\/12\/streuplan-infobar-anzeigenformate-online-768x543.png 768w\" sizes=\"auto, (max-width: 928px) 100vw, 928px\" \/><\/a><\/figure>\n\n\n\n<h2 class=\"wp-block-heading\">Planungszeitraum<\/h2>\n\n\n\n<p>Es k\u00f6nnen mehrere Zeitr\u00e4ume definiert werden. Die Planungszeit\u00e4ume werden beim automatischen Verteilen von Schaltungen im Kalender und f\u00fcr die Planoptimierung verwendet.<\/p>\n\n\n\n<figure class=\"wp-block-image size-large\"><a href=\"\/docs-mcloud\/wp-content\/uploads\/sites\/4\/2020\/12\/streuplan-infobar-planungszeitraum.png\"><img loading=\"lazy\" decoding=\"async\" width=\"597\" height=\"374\" src=\"\/docs-mcloud\/wp-content\/uploads\/sites\/4\/2020\/12\/streuplan-infobar-planungszeitraum.png\" alt=\"\" class=\"wp-image-1296\" srcset=\"\/docs-mcloud\/wp-content\/uploads\/sites\/4\/2020\/12\/streuplan-infobar-planungszeitraum.png 597w, \/docs-mcloud\/wp-content\/uploads\/sites\/4\/2020\/12\/streuplan-infobar-planungszeitraum-300x188.png 300w\" sizes=\"auto, (max-width: 597px) 100vw, 597px\" \/><\/a><\/figure>\n\n\n\n<p>Au\u00dferdem bezieht sich der Leistungswert <em>maximale Anzahl Belegungen<\/em> auf den Planungszeitraum:<\/p>\n\n\n\n<figure class=\"wp-block-image size-large\"><a href=\"\/docs-mcloud\/wp-content\/uploads\/sites\/4\/2020\/12\/streuplan-planungszeitraum-belegungen.png\"><img loading=\"lazy\" decoding=\"async\" width=\"502\" height=\"271\" src=\"\/docs-mcloud\/wp-content\/uploads\/sites\/4\/2020\/12\/streuplan-planungszeitraum-belegungen.png\" alt=\"\" class=\"wp-image-1704\" srcset=\"\/docs-mcloud\/wp-content\/uploads\/sites\/4\/2020\/12\/streuplan-planungszeitraum-belegungen.png 502w, \/docs-mcloud\/wp-content\/uploads\/sites\/4\/2020\/12\/streuplan-planungszeitraum-belegungen-300x162.png 300w\" sizes=\"auto, (max-width: 502px) 100vw, 502px\" \/><\/a><\/figure>\n\n\n\n<h2 class=\"wp-block-heading\">AE-Provision<\/h2>\n\n\n\n<p>Die AE-Provision (auch Agenturprovision genannt) kann zwischen AE keine und AE 15% wechseln. Hiermit wird eine zus\u00e4tzliche Rabattierung der Medienpreise vorgegeben.<\/p>\n\n\n\n<figure class=\"wp-block-image size-large\"><a href=\"\/docs-mcloud\/wp-content\/uploads\/sites\/4\/2020\/12\/streuplan-infobar-ae.png\"><img loading=\"lazy\" decoding=\"async\" width=\"525\" height=\"29\" src=\"\/docs-mcloud\/wp-content\/uploads\/sites\/4\/2020\/12\/streuplan-infobar-ae.png\" alt=\"\" class=\"wp-image-1299\" srcset=\"\/docs-mcloud\/wp-content\/uploads\/sites\/4\/2020\/12\/streuplan-infobar-ae.png 525w, \/docs-mcloud\/wp-content\/uploads\/sites\/4\/2020\/12\/streuplan-infobar-ae-300x17.png 300w\" sizes=\"auto, (max-width: 525px) 100vw, 525px\" \/><\/a><\/figure>\n\n\n\n<h2 class=\"wp-block-heading\">Auflagen<\/h2>\n\n\n\n<p>Standardm\u00e4\u00dfig wird f\u00fcr den Leistungswert Auflagen die Verkaufte Auflage verwendet. Dies k\u00f6nnen Sie im Dialog Auflagen \u00e4ndern. Hier kann auch festgelegt werden, aus welchem Jahr und Zeitraum die Auflage verwendet wird.<\/p>\n\n\n\n<figure class=\"wp-block-image size-large\"><a href=\"\/docs-mcloud\/wp-content\/uploads\/sites\/4\/2020\/12\/streuplan-infobar-verkaufte-auflage.png\"><img loading=\"lazy\" decoding=\"async\" width=\"737\" height=\"753\" src=\"\/docs-mcloud\/wp-content\/uploads\/sites\/4\/2020\/12\/streuplan-infobar-verkaufte-auflage.png\" alt=\"\" class=\"wp-image-1302\" srcset=\"\/docs-mcloud\/wp-content\/uploads\/sites\/4\/2020\/12\/streuplan-infobar-verkaufte-auflage.png 737w, \/docs-mcloud\/wp-content\/uploads\/sites\/4\/2020\/12\/streuplan-infobar-verkaufte-auflage-294x300.png 294w\" sizes=\"auto, (max-width: 737px) 100vw, 737px\" \/><\/a><\/figure>\n\n\n\n<h2 class=\"wp-block-heading\">Gewichtung<\/h2>\n\n\n\n<p>Abh\u00e4ngig von der gew\u00e4hlten Studie k\u00f6nnen Sie zwischen verschiedenen Gewichtungen w\u00e4hlen. Standardm\u00e4\u00dfig wird das Personengewicht verwendet.<\/p>\n\n\n\n<figure class=\"wp-block-image size-large\"><a href=\"\/docs-mcloud\/wp-content\/uploads\/sites\/4\/2020\/12\/streuplan-infobar-gewicht.png\"><img loading=\"lazy\" decoding=\"async\" width=\"742\" height=\"83\" src=\"\/docs-mcloud\/wp-content\/uploads\/sites\/4\/2020\/12\/streuplan-infobar-gewicht.png\" alt=\"\" class=\"wp-image-1303\" srcset=\"\/docs-mcloud\/wp-content\/uploads\/sites\/4\/2020\/12\/streuplan-infobar-gewicht.png 742w, \/docs-mcloud\/wp-content\/uploads\/sites\/4\/2020\/12\/streuplan-infobar-gewicht-300x34.png 300w\" sizes=\"auto, (max-width: 742px) 100vw, 742px\" \/><\/a><\/figure>\n\n\n\n<h2 class=\"wp-block-heading\">Preisoptimierung<\/h2>\n\n\n\n<p>Standardm\u00e4\u00dfig werden Kosten unter Ber\u00fccksichtigung m\u00f6glicher Kombirabatte berechnet. \u00dcber den Button Preisoptimierung k\u00f6nnen Sie das Verhalten deaktivieren.<\/p>\n\n\n\n<figure class=\"wp-block-image size-large\"><a href=\"\/docs-mcloud\/wp-content\/uploads\/sites\/4\/2020\/12\/streuplan-infobar-preisoptimierung.png\"><img loading=\"lazy\" decoding=\"async\" width=\"749\" height=\"61\" src=\"\/docs-mcloud\/wp-content\/uploads\/sites\/4\/2020\/12\/streuplan-infobar-preisoptimierung.png\" alt=\"\" class=\"wp-image-1304\" srcset=\"\/docs-mcloud\/wp-content\/uploads\/sites\/4\/2020\/12\/streuplan-infobar-preisoptimierung.png 749w, \/docs-mcloud\/wp-content\/uploads\/sites\/4\/2020\/12\/streuplan-infobar-preisoptimierung-300x24.png 300w\" sizes=\"auto, (max-width: 749px) 100vw, 749px\" \/><\/a><\/figure>\n","protected":false},"excerpt":{"rendered":"<p>Je nach Studie und gew\u00e4hlter Mediengattung stehen Ihnen in der Infobar verschiedene Optionen zur Verf\u00fcgung, die sich auf die Berechnung Ihrer Pl\u00e4ne auswirken. Wahl des Tarifs Standardm\u00e4\u00dfig wird die aktuelle Tarifdatei f\u00fcr Z\u00e4hlungen verwendet. \u00dcber \u00f6ffnen Sie ein Drop-Down-Men\u00fc zur Auswahl einer alternativen Tarifdatei. Netto \/ Brutto Klicken Sie auf die Auswahl, um zwischen Netto- [&hellip;]<\/p>\n","protected":false},"author":1,"featured_media":0,"parent":1697,"menu_order":0,"comment_status":"closed","ping_status":"closed","template":"","meta":{"_acf_changed":false,"inline_featured_image":false,"footnotes":""},"class_list":["post-1280","page","type-page","status-publish","hentry"],"acf":[],"_links":{"self":[{"href":"\/docs-mcloud\/wp-json\/wp\/v2\/pages\/1280","targetHints":{"allow":["GET"]}}],"collection":[{"href":"\/docs-mcloud\/wp-json\/wp\/v2\/pages"}],"about":[{"href":"\/docs-mcloud\/wp-json\/wp\/v2\/types\/page"}],"author":[{"embeddable":true,"href":"\/docs-mcloud\/wp-json\/wp\/v2\/users\/1"}],"replies":[{"embeddable":true,"href":"\/docs-mcloud\/wp-json\/wp\/v2\/comments?post=1280"}],"version-history":[{"count":23,"href":"\/docs-mcloud\/wp-json\/wp\/v2\/pages\/1280\/revisions"}],"predecessor-version":[{"id":2044,"href":"\/docs-mcloud\/wp-json\/wp\/v2\/pages\/1280\/revisions\/2044"}],"up":[{"embeddable":true,"href":"\/docs-mcloud\/wp-json\/wp\/v2\/pages\/1697"}],"wp:attachment":[{"href":"\/docs-mcloud\/wp-json\/wp\/v2\/media?parent=1280"}],"curies":[{"name":"wp","href":"https:\/\/api.w.org\/{rel}","templated":true}]}}