{"id":1050,"date":"2020-12-02T08:43:30","date_gmt":"2020-12-02T08:43:30","guid":{"rendered":"\/docs-mcloud\/hilfe\/rangreihe\/tarife\/"},"modified":"2026-01-22T08:02:12","modified_gmt":"2026-01-22T08:02:12","slug":"tarife","status":"publish","type":"page","link":"\/docs-mcloud\/hilfe\/rangreihe\/tarife\/","title":{"rendered":"Tarife"},"content":{"rendered":"\n<p>Standardm\u00e4\u00dfig wird die aktuelle Tarifdateien f\u00fcr Z\u00e4hlungen verwendet. \u00dcber <img decoding=\"async\" src=\"\/docs-mcloud\/wp-content\/uploads\/sites\/4\/2020\/12\/pull_down.png\" alt=\"\">&nbsp;\u00f6ffnen Sie ein Drop-down-Men\u00fc zur Auswahl einer alternativen Tarifdatei.<\/p>\n\n\n\n<h2 class=\"wp-block-heading\">Brutto &#8211; Netto<\/h2>\n\n\n\n<p>Klicken Sie auf die Auswahl, um zwischen Netto- und Bruttopreisen umzuschalten.<\/p>\n\n\n\n<h2 class=\"wp-block-heading\">Anzeigenformate<\/h2>\n\n\n\n<p><strong>PZ <\/strong>(Publikumszeitschriften)<strong> \u2013 TZ <\/strong>(Tageszeitungen)<strong> \u2013 TV <\/strong>(Fernsehen) <strong>\u2013 RA <\/strong>(Radio) &#8211; <strong>OW<\/strong> (Online)<\/p>\n\n\n\n<h2 class=\"wp-block-heading\">Zeitschriften<\/h2>\n\n\n\n<p>An dieser Stelle k\u00f6nnen Sie, global f\u00fcr alle Titel, eine Format\u00e4nderung vornehmen. Falls das gew\u00e4hlte Grundformat f\u00fcr einen Titel nicht verf\u00fcgbar ist, wird kein Preis ausgewiesen.<\/p>\n\n\n\n<figure class=\"wp-block-image size-large\"><a href=\"\/docs-mcloud\/wp-content\/uploads\/sites\/4\/2020\/12\/Format-PZ.png\"><img loading=\"lazy\" decoding=\"async\" width=\"628\" height=\"346\" src=\"\/docs-mcloud\/wp-content\/uploads\/sites\/4\/2020\/12\/Format-PZ.png\" alt=\"\" class=\"wp-image-1144\" srcset=\"\/docs-mcloud\/wp-content\/uploads\/sites\/4\/2020\/12\/Format-PZ.png 628w, \/docs-mcloud\/wp-content\/uploads\/sites\/4\/2020\/12\/Format-PZ-300x165.png 300w\" sizes=\"auto, (max-width: 628px) 100vw, 628px\" \/><\/a><figcaption>Grundformat \u00e4ndern<\/figcaption><\/figure>\n\n\n\n<p>F\u00fcr Zeitschriften wird als Grundformat&nbsp; 1\/1 Seite 4c verwendet.<\/p>\n\n\n\n<h2 class=\"wp-block-heading\">Tageszeitungen<\/h2>\n\n\n\n<p>Bei Tageszeitungen wird das Format entweder in Seitenanteilen oder in Spaltenh\u00f6he mal Anzahl Spalten auf mm-Basis angegeben. Im letzteren Fall wird der Preis \u00fcber den mm-Grundpreis und den Satzspiegel berechnet.<\/p>\n\n\n\n<figure class=\"wp-block-image size-large is-resized\"><a href=\"\/docs-mcloud\/wp-content\/uploads\/sites\/4\/2020\/12\/Format-TZ.png\"><img loading=\"lazy\" decoding=\"async\" src=\"\/docs-mcloud\/wp-content\/uploads\/sites\/4\/2020\/12\/Format-TZ.png\" alt=\"\" class=\"wp-image-1152\" width=\"580\" height=\"377\" srcset=\"\/docs-mcloud\/wp-content\/uploads\/sites\/4\/2020\/12\/Format-TZ.png 766w, \/docs-mcloud\/wp-content\/uploads\/sites\/4\/2020\/12\/Format-TZ-300x195.png 300w\" sizes=\"auto, (max-width: 580px) 100vw, 580px\" \/><\/a><figcaption>Grundformat \u00e4ndern<\/figcaption><\/figure>\n\n\n\n<h2 class=\"wp-block-heading\">Radio \/ Audio<\/h2>\n\n\n\n<p>Ab dem 1. Januar 2019 gilt f\u00fcr die ARD-Sender und eine Anzahl weiterer Sender eine neue Preisstruktur.&nbsp;<\/p>\n\n\n\n<p>Dies bedeutet eine Differenzierung nach Monaten sowie unterschiedliche Preise f\u00fcr Montag bis Mittwoch und die st\u00e4rker nachgefragten Wochentage Donnerstag und Freitag.<\/p>\n\n\n\n<p>Die Angebote am Samstag und Sonntag haben wie bisher eine eigenst\u00e4ndige Preisgestaltung.<\/p>\n\n\n\n<figure class=\"wp-block-image size-large\"><a href=\"\/docs-mcloud\/wp-content\/uploads\/sites\/4\/2020\/12\/Format-RD.png\"><img loading=\"lazy\" decoding=\"async\" width=\"753\" height=\"348\" src=\"\/docs-mcloud\/wp-content\/uploads\/sites\/4\/2020\/12\/Format-RD.png\" alt=\"\" class=\"wp-image-1205\" srcset=\"\/docs-mcloud\/wp-content\/uploads\/sites\/4\/2020\/12\/Format-RD.png 753w, \/docs-mcloud\/wp-content\/uploads\/sites\/4\/2020\/12\/Format-RD-300x139.png 300w\" sizes=\"auto, (max-width: 753px) 100vw, 753px\" \/><\/a><figcaption>Grundformat \u00e4ndern<\/figcaption><\/figure>\n\n\n\n<p>Preisbasis: Auswahl eines Monats oder den Jahresdurchschnitt. Diese Auswahl ist nur f\u00fcr Sender relevant, f\u00fcr die die differenzierte Preisstruktur gilt.<\/p>\n\n\n\n<p>Bei Auswahl mehrerer Wochentage werden die Kosten als Durchschnitt \u00fcber die Kosten der&nbsp; ausgew\u00e4hlten Tage berechnet.<\/p>\n\n\n\n<p>Der Preis f\u00fcr die durchschnittliche Stunde wird als Mittelwert \u00fcber die Zeitschnitte 6 \u2013 18 Uhr im gew\u00e4hlten Monat bzw. f\u00fcr den Jahresdurchschnitt \u00fcber alle Monate berechnet.<\/p>\n\n\n\n<p>Auf Sender mit Jahresdurchschnittpreisen hat die Auswahl der Monate keine Auswirkungen. F\u00fcr diese und f\u00fcr Zeitschnitte am Sa und So kann in dieser Maske nur die Spotl\u00e4nge ge\u00e4ndert werden.<\/p>\n\n\n\n<figure class=\"wp-block-image size-large\"><a href=\"\/docs-mcloud\/wp-content\/uploads\/sites\/4\/2020\/12\/Format-RD_simple.png\"><img loading=\"lazy\" decoding=\"async\" width=\"686\" height=\"358\" src=\"\/docs-mcloud\/wp-content\/uploads\/sites\/4\/2020\/12\/Format-RD_simple.png\" alt=\"\" class=\"wp-image-1211\" srcset=\"\/docs-mcloud\/wp-content\/uploads\/sites\/4\/2020\/12\/Format-RD_simple.png 686w, \/docs-mcloud\/wp-content\/uploads\/sites\/4\/2020\/12\/Format-RD_simple-300x157.png 300w\" sizes=\"auto, (max-width: 686px) 100vw, 686px\" \/><\/a><figcaption>F\u00fcr Tarife ohne differenzierte Preisstruktur wird nur die Spotl\u00e4nge ausgewiesen.<\/figcaption><\/figure>\n\n\n\n<h2 class=\"wp-block-heading\">Online<\/h2>\n\n\n\n<p>Als Datenbasis werden die Agof-Tarife verwendet. Nicht f\u00fcr alle Online-Angebote sind Tarifinformationen hinterlegt. Zudem ist pro Angebot nur eine Auswahl von Werbeformaten verf\u00fcgbar.<\/p>\n\n\n\n<figure class=\"wp-block-image size-large\"><a href=\"\/docs-mcloud\/wp-content\/uploads\/sites\/4\/2020\/12\/Format-OW.png\"><img loading=\"lazy\" decoding=\"async\" width=\"896\" height=\"604\" src=\"\/docs-mcloud\/wp-content\/uploads\/sites\/4\/2020\/12\/Format-OW.png\" alt=\"\" class=\"wp-image-1221\" srcset=\"\/docs-mcloud\/wp-content\/uploads\/sites\/4\/2020\/12\/Format-OW.png 896w, \/docs-mcloud\/wp-content\/uploads\/sites\/4\/2020\/12\/Format-OW-300x202.png 300w, \/docs-mcloud\/wp-content\/uploads\/sites\/4\/2020\/12\/Format-OW-768x518.png 768w\" sizes=\"auto, (max-width: 896px) 100vw, 896px\" \/><\/a><figcaption>Als Grundformat wird die Werbeform <em>Medium Rectangle <\/em>gesetzt<\/figcaption><\/figure>\n\n\n\n<p>\u00dcber den Leistungswert <em>Format<\/em><span class=\"has-inline-color has-vivid-red-color\"> (1)<\/span> kann eine von Grundformen abweichende Werbeform ausgew\u00e4hlt werden. <\/p>\n\n\n\n<figure class=\"wp-block-image size-large\"><a href=\"\/docs-mcloud\/wp-content\/uploads\/sites\/4\/2020\/12\/Format-OW_special.png\"><img loading=\"lazy\" decoding=\"async\" width=\"818\" height=\"773\" src=\"\/docs-mcloud\/wp-content\/uploads\/sites\/4\/2020\/12\/Format-OW_special.png\" alt=\"\" class=\"wp-image-1232\" srcset=\"\/docs-mcloud\/wp-content\/uploads\/sites\/4\/2020\/12\/Format-OW_special.png 818w, \/docs-mcloud\/wp-content\/uploads\/sites\/4\/2020\/12\/Format-OW_special-300x283.png 300w, \/docs-mcloud\/wp-content\/uploads\/sites\/4\/2020\/12\/Format-OW_special-768x726.png 768w\" sizes=\"auto, (max-width: 818px) 100vw, 818px\" \/><\/a><figcaption>Preisvorgabe<\/figcaption><\/figure>\n\n\n\n<p>Mit Klick auf den Preis in der Spalte TKP <span class=\"has-inline-color has-vivid-red-color\">(2)<\/span> wird das Format mit dem Preis in die Auswertung \u00fcbernommen. Ist kein Tarif hinterlegt, besteht noch die M\u00f6glichkeit, in der Spalte Kosten einen Preis vorzugeben.<\/p>\n\n\n\n<p>W\u00e4hrend sich der Preis bei Printmedien auf einen (Seiten- ) Anteil des Mediums bezieht, ber\u00fccksichtigt der Preis von Online-Medien die Anzahl Kontakte mit der Werbeform &#8211; die W\u00e4hrung ist der 1000 Kontakt-Preis.<\/p>\n\n\n\n<figure class=\"wp-block-image size-large\"><a href=\"\/docs-mcloud\/wp-content\/uploads\/sites\/4\/2020\/12\/Format-OW_example.png\"><img loading=\"lazy\" decoding=\"async\" width=\"864\" height=\"371\" src=\"\/docs-mcloud\/wp-content\/uploads\/sites\/4\/2020\/12\/Format-OW_example.png\" alt=\"\" class=\"wp-image-1259\" srcset=\"\/docs-mcloud\/wp-content\/uploads\/sites\/4\/2020\/12\/Format-OW_example.png 864w, \/docs-mcloud\/wp-content\/uploads\/sites\/4\/2020\/12\/Format-OW_example-300x129.png 300w, \/docs-mcloud\/wp-content\/uploads\/sites\/4\/2020\/12\/Format-OW_example-768x330.png 768w\" sizes=\"auto, (max-width: 864px) 100vw, 864px\" \/><\/a><figcaption>Beispiel Autozeitung Online NpW<\/figcaption><\/figure>\n\n\n\n<p>1000 Kontakte mit der Werbeform Medium Rectangle kosten z.B. f\u00fcr das Angebot<strong> <\/strong><em>Autozeitung Online (Internet)<strong> <\/strong>NpW <\/em>\u20ac 50,-.<\/p>\n\n\n\n<p><\/p>\n\n\n\n<p>Die <em>Kosten <\/em>f\u00fcr das Angebot berechnen sich zu:<\/p>\n\n\n\n<div class=\"wp-block-group\"><div class=\"wp-block-group__inner-container is-layout-flow wp-block-group-is-layout-flow\">\n<p>TPIs (Tausend Page Impressions) des Angebots * TKP-Preis<br>870,74 TPI  * \u20ac 50,- = \u20ac 43.537,-<\/p>\n<\/div><\/div>\n\n\n\n<p><\/p>\n\n\n\n<p>Der Leistungswert <em>Euro 1000 Nutzer <\/em>errechnet sich wie bei den anderen Mediengattungen:<\/p>\n\n\n\n<div class=\"wp-block-group\"><div class=\"wp-block-group__inner-container is-layout-flow wp-block-group-is-layout-flow\">\n<p>Kosten in EUR \/ Nutzer Tsd = EUR pro 1000 Nutzer<br>43.537 \/  210,53 = 206,80<\/p>\n<\/div><\/div>\n\n\n\n<p><\/p>\n","protected":false},"excerpt":{"rendered":"<p>Standardm\u00e4\u00dfig wird die aktuelle Tarifdateien f\u00fcr Z\u00e4hlungen verwendet. \u00dcber &nbsp;\u00f6ffnen Sie ein Drop-down-Men\u00fc zur Auswahl einer alternativen Tarifdatei. Brutto &#8211; Netto Klicken Sie auf die Auswahl, um zwischen Netto- und Bruttopreisen umzuschalten. Anzeigenformate PZ (Publikumszeitschriften) \u2013 TZ (Tageszeitungen) \u2013 TV (Fernsehen) \u2013 RA (Radio) &#8211; OW (Online) Zeitschriften An dieser Stelle k\u00f6nnen Sie, global f\u00fcr [&hellip;]<\/p>\n","protected":false},"author":4,"featured_media":0,"parent":659,"menu_order":0,"comment_status":"closed","ping_status":"closed","template":"","meta":{"_acf_changed":false,"inline_featured_image":false,"footnotes":""},"class_list":["post-1050","page","type-page","status-publish","hentry"],"acf":[],"_links":{"self":[{"href":"\/docs-mcloud\/wp-json\/wp\/v2\/pages\/1050","targetHints":{"allow":["GET"]}}],"collection":[{"href":"\/docs-mcloud\/wp-json\/wp\/v2\/pages"}],"about":[{"href":"\/docs-mcloud\/wp-json\/wp\/v2\/types\/page"}],"author":[{"embeddable":true,"href":"\/docs-mcloud\/wp-json\/wp\/v2\/users\/4"}],"replies":[{"embeddable":true,"href":"\/docs-mcloud\/wp-json\/wp\/v2\/comments?post=1050"}],"version-history":[{"count":5,"href":"\/docs-mcloud\/wp-json\/wp\/v2\/pages\/1050\/revisions"}],"predecessor-version":[{"id":2887,"href":"\/docs-mcloud\/wp-json\/wp\/v2\/pages\/1050\/revisions\/2887"}],"up":[{"embeddable":true,"href":"\/docs-mcloud\/wp-json\/wp\/v2\/pages\/659"}],"wp:attachment":[{"href":"\/docs-mcloud\/wp-json\/wp\/v2\/media?parent=1050"}],"curies":[{"name":"wp","href":"https:\/\/api.w.org\/{rel}","templated":true}]}}